{"id":1463,"date":"2021-12-01T18:52:00","date_gmt":"2021-12-01T18:52:00","guid":{"rendered":"http:\/\/wmprotecaoeservicos.com.br\/?page_id=1463"},"modified":"2021-12-01T19:06:28","modified_gmt":"2021-12-01T19:06:28","slug":"grupo-wm-2","status":"publish","type":"page","link":"https:\/\/www.wmprotecaoeservicos.com.br\/?page_id=1463","title":{"rendered":"Grupo WM"},"content":{"rendered":"\n<p> <\/p>\n\n\n\n<div class=\"wp-block-image is-style-rounded\"><figure class=\"aligncenter size-full\"><img loading=\"lazy\" decoding=\"async\" width=\"720\" height=\"405\" src=\"http:\/\/wmprotecaoeservicos.com.br\/wp-content\/uploads\/2021\/12\/Seguranca-organica-1.jpeg\" alt=\"\" class=\"wp-image-1470\" srcset=\"https:\/\/www.wmprotecaoeservicos.com.br\/wp-content\/uploads\/2021\/12\/Seguranca-organica-1.jpeg 720w, https:\/\/www.wmprotecaoeservicos.com.br\/wp-content\/uploads\/2021\/12\/Seguranca-organica-1-300x169.jpeg 300w\" sizes=\"auto, (max-width: 720px) 100vw, 720px\" \/><\/figure><\/div>\n\n\n\n<p><\/p>\n\n\n\n<p>Grupo WM Prote\u00e7\u00e3o e Servi\u00e7os atua no mercado a 10 anos atendendo fielmente mais de 50 clientes em servi\u00e7os em condom\u00ednios, industrias, estabelecimentos comerciais, institui\u00e7\u00f5es de ensino, terminais urbanos, terminais rodovi\u00e1rios e shopping centers.<\/p>\n\n\n\n<p><\/p>\n\n\n\n<p>Acreditamos em projetos integrados que s\u00e3o constru\u00eddos atrav\u00e9s do trip\u00e9:&nbsp;<strong>Procedimentos Operacionais<\/strong>&nbsp;+&nbsp;<strong>Equipamentos de Ponta<\/strong>&nbsp;+&nbsp;<strong>Vigil\u00e2ncia Humana<\/strong>&nbsp;=&nbsp;<strong>Efici\u00eancia<\/strong>. Somos Especializados em&nbsp;<strong>SEGURAN\u00c7A<\/strong>&nbsp;e&nbsp;<strong>SERVI\u00c7OS<\/strong>, como monitoramento com imagens e alarmes, an\u00e1lise de risco, auditoria, projetos de seguran\u00e7a e faciliteis.<\/p>\n\n\n\n<p>&nbsp; Utilizamos as mais novas t\u00e9cnicas de seguran\u00e7a e os mais modernos recursos de tecnologia, investindo e inovando nos processos, principalmente na gest\u00e3o pessoal. Essa trajet\u00f3ria de casos de sucesso, sendo aprovados pelos clientes e reconhecidos pelo mercado como um dos melhores desempenhos fortalece nossa marca e motiva nossos esfor\u00e7os.<\/p>\n","protected":false},"excerpt":{"rendered":"<p>Grupo WM Prote\u00e7\u00e3o e Servi\u00e7os atua no mercado a 10 anos atendendo fielmente mais de 50 clientes em servi\u00e7os em condom\u00ednios, industrias, estabelecimentos comerciais, institui\u00e7\u00f5es de ensino, terminais urbanos, terminais &#8230;<\/p>\n","protected":false},"author":1,"featured_media":1467,"parent":0,"menu_order":0,"comment_status":"closed","ping_status":"closed","template":"template-fullwidth-stretched.php","meta":{"footnotes":""},"class_list":["post-1463","page","type-page","status-publish","has-post-thumbnail","hentry"],"_links":{"self":[{"href":"https:\/\/www.wmprotecaoeservicos.com.br\/index.php?rest_route=\/wp\/v2\/pages\/1463","targetHints":{"allow":["GET"]}}],"collection":[{"href":"https:\/\/www.wmprotecaoeservicos.com.br\/index.php?rest_route=\/wp\/v2\/pages"}],"about":[{"href":"https:\/\/www.wmprotecaoeservicos.com.br\/index.php?rest_route=\/wp\/v2\/types\/page"}],"author":[{"embeddable":true,"href":"https:\/\/www.wmprotecaoeservicos.com.br\/index.php?rest_route=\/wp\/v2\/users\/1"}],"replies":[{"embeddable":true,"href":"https:\/\/www.wmprotecaoeservicos.com.br\/index.php?rest_route=%2Fwp%2Fv2%2Fcomments&post=1463"}],"version-history":[{"count":6,"href":"https:\/\/www.wmprotecaoeservicos.com.br\/index.php?rest_route=\/wp\/v2\/pages\/1463\/revisions"}],"predecessor-version":[{"id":1474,"href":"https:\/\/www.wmprotecaoeservicos.com.br\/index.php?rest_route=\/wp\/v2\/pages\/1463\/revisions\/1474"}],"wp:featuredmedia":[{"embeddable":true,"href":"https:\/\/www.wmprotecaoeservicos.com.br\/index.php?rest_route=\/wp\/v2\/media\/1467"}],"wp:attachment":[{"href":"https:\/\/www.wmprotecaoeservicos.com.br\/index.php?rest_route=%2Fwp%2Fv2%2Fmedia&parent=1463"}],"curies":[{"name":"wp","href":"https:\/\/api.w.org\/{rel}","templated":true}]}}