{"id":1488,"date":"2021-12-01T20:11:38","date_gmt":"2021-12-01T20:11:38","guid":{"rendered":"http:\/\/wmprotecaoeservicos.com.br\/?page_id=1488"},"modified":"2021-12-02T18:38:13","modified_gmt":"2021-12-02T18:38:13","slug":"seguranca-e-vigilancia-patrimonial","status":"publish","type":"page","link":"https:\/\/www.wmprotecaoeservicos.com.br\/?page_id=1488","title":{"rendered":"Seguran\u00e7a e Vigil\u00e2ncia patrimonial:"},"content":{"rendered":"\n<div class=\"wp-block-image is-style-rounded\"><figure class=\"aligncenter size-full\"><img decoding=\"async\" src=\"http:\/\/wmprotecaoeservicos.com.br\/wp-content\/uploads\/2021\/12\/2019-07-05-post-blog-seguranca-patrimonial-1-e1638469996670.png\" alt=\"\" class=\"wp-image-1489\"\/><\/figure><\/div>\n\n\n\n<p><strong> <\/strong>Os Servi\u00e7os s\u00e3o planejados integrando a Vigil\u00e2ncia Humana, Equipamentos de Ponta e Procedimentos, de forma a oferecer uma solu\u00e7\u00e3o integrada que atenda as caracter\u00edsticas de cada local e cliente.<\/p>\n\n\n\n<p>O projeto de seguran\u00e7a inicia-se pelo levantamento das caracter\u00edsticas do local e identifica\u00e7\u00e3o de vulnerabilidades, bem como elaborar o perfil dos colaboradores, assim adequando-os a uma estrutura completa com procedimentos e instru\u00e7\u00f5es de seguran\u00e7a.<\/p>\n","protected":false},"excerpt":{"rendered":"<p>Os Servi\u00e7os s\u00e3o planejados integrando a Vigil\u00e2ncia Humana, Equipamentos de Ponta e Procedimentos, de forma a oferecer uma solu\u00e7\u00e3o integrada que atenda as caracter\u00edsticas de cada local e cliente. O &#8230;<\/p>\n","protected":false},"author":1,"featured_media":0,"parent":0,"menu_order":0,"comment_status":"closed","ping_status":"closed","template":"template-fullwidth.php","meta":{"footnotes":""},"class_list":["post-1488","page","type-page","status-publish","hentry"],"_links":{"self":[{"href":"https:\/\/www.wmprotecaoeservicos.com.br\/index.php?rest_route=\/wp\/v2\/pages\/1488","targetHints":{"allow":["GET"]}}],"collection":[{"href":"https:\/\/www.wmprotecaoeservicos.com.br\/index.php?rest_route=\/wp\/v2\/pages"}],"about":[{"href":"https:\/\/www.wmprotecaoeservicos.com.br\/index.php?rest_route=\/wp\/v2\/types\/page"}],"author":[{"embeddable":true,"href":"https:\/\/www.wmprotecaoeservicos.com.br\/index.php?rest_route=\/wp\/v2\/users\/1"}],"replies":[{"embeddable":true,"href":"https:\/\/www.wmprotecaoeservicos.com.br\/index.php?rest_route=%2Fwp%2Fv2%2Fcomments&post=1488"}],"version-history":[{"count":3,"href":"https:\/\/www.wmprotecaoeservicos.com.br\/index.php?rest_route=\/wp\/v2\/pages\/1488\/revisions"}],"predecessor-version":[{"id":1579,"href":"https:\/\/www.wmprotecaoeservicos.com.br\/index.php?rest_route=\/wp\/v2\/pages\/1488\/revisions\/1579"}],"wp:attachment":[{"href":"https:\/\/www.wmprotecaoeservicos.com.br\/index.php?rest_route=%2Fwp%2Fv2%2Fmedia&parent=1488"}],"curies":[{"name":"wp","href":"https:\/\/api.w.org\/{rel}","templated":true}]}}