{"id":1507,"date":"2021-12-01T20:53:10","date_gmt":"2021-12-01T20:53:10","guid":{"rendered":"http:\/\/wmprotecaoeservicos.com.br\/?page_id=1507"},"modified":"2021-12-01T20:53:10","modified_gmt":"2021-12-01T20:53:10","slug":"missao-visao-e-valores","status":"publish","type":"page","link":"https:\/\/www.wmprotecaoeservicos.com.br\/?page_id=1507","title":{"rendered":"Miss\u00e3o, Vis\u00e3o e Valores:"},"content":{"rendered":"\n<p>\u00a0 \u00a0<img loading=\"lazy\" decoding=\"async\" width=\"150\" height=\"100\" class=\"wp-image-1508\" style=\"width: 150px;\" src=\"http:\/\/wmprotecaoeservicos.com.br\/wp-content\/uploads\/2021\/12\/Missa\u0303o.jpg\" alt=\"\" srcset=\"https:\/\/www.wmprotecaoeservicos.com.br\/wp-content\/uploads\/2021\/12\/Missa\u0303o.jpg 435w, https:\/\/www.wmprotecaoeservicos.com.br\/wp-content\/uploads\/2021\/12\/Missa\u0303o-300x199.jpg 300w\" sizes=\"auto, (max-width: 150px) 100vw, 150px\" \/><\/p>\n\n\n\n<p>Miss\u00e3o: Gerar Resultados, dentro da \u00e9tica e legalidade, no atendimento as expectativas dos clientes, colaboradores, parceiros e da comunidade.<\/p>\n\n\n\n<p><img loading=\"lazy\" decoding=\"async\" width=\"150\" height=\"61\" class=\"wp-image-1510\" style=\"width: 150px;\" src=\"http:\/\/wmprotecaoeservicos.com.br\/wp-content\/uploads\/2021\/12\/Visa\u0303o.jpg\" alt=\"\" srcset=\"https:\/\/www.wmprotecaoeservicos.com.br\/wp-content\/uploads\/2021\/12\/Visa\u0303o.jpg 1200w, https:\/\/www.wmprotecaoeservicos.com.br\/wp-content\/uploads\/2021\/12\/Visa\u0303o-300x123.jpg 300w, https:\/\/www.wmprotecaoeservicos.com.br\/wp-content\/uploads\/2021\/12\/Visa\u0303o-1024x418.jpg 1024w, https:\/\/www.wmprotecaoeservicos.com.br\/wp-content\/uploads\/2021\/12\/Visa\u0303o-768x314.jpg 768w\" sizes=\"auto, (max-width: 150px) 100vw, 150px\" \/><\/p>\n\n\n\n<p>Vis\u00e3o: Ser reconhecida no mercado como uma empresa provedora de servi\u00e7os que oferece a seus clientes e parceiros solu\u00e7\u00f5es com alto valor agregado, custos competitivos, qualidade dos servi\u00e7os, profissionais especializados, relacionamento transparente e duradouro, e, aos seus colaboradores, oportunidades de crescimento e desenvolvimento.<\/p>\n\n\n\n<p><img loading=\"lazy\" decoding=\"async\" width=\"150\" height=\"113\" class=\"wp-image-1511\" style=\"width: 150px;\" src=\"http:\/\/wmprotecaoeservicos.com.br\/wp-content\/uploads\/2021\/12\/Valores-1.jpg\" alt=\"\" srcset=\"https:\/\/www.wmprotecaoeservicos.com.br\/wp-content\/uploads\/2021\/12\/Valores-1.jpg 1024w, https:\/\/www.wmprotecaoeservicos.com.br\/wp-content\/uploads\/2021\/12\/Valores-1-300x225.jpg 300w, https:\/\/www.wmprotecaoeservicos.com.br\/wp-content\/uploads\/2021\/12\/Valores-1-768x576.jpg 768w\" sizes=\"auto, (max-width: 150px) 100vw, 150px\" \/><\/p>\n\n\n\n<p>Valores:\u00a0<\/p>\n\n\n\n<p><strong>Clientes<\/strong>: Nossa raz\u00e3o de ser;<\/p>\n\n\n\n<p><strong>Transpar\u00eancia e \u00e9tica<\/strong>: Nosso modo de agir;<\/p>\n\n\n\n<p><strong>Resultados<\/strong>: Prever solu\u00e7\u00f5es de valores e resultados suprindo as necessidades de nossos clientes;<\/p>\n\n\n\n<p><strong>Pessoas<\/strong>: Respeito e Reconhecimento aos recursos humanos;<\/p>\n\n\n\n<p class=\"has-text-align-left\"><strong>Meio Ambiente<\/strong>: Preserva\u00e7\u00e3o.<\/p>\n","protected":false},"excerpt":{"rendered":"<p>\u00a0 \u00a0 Miss\u00e3o: Gerar Resultados, dentro da \u00e9tica e legalidade, no atendimento as expectativas dos clientes, colaboradores, parceiros e da comunidade. Vis\u00e3o: Ser reconhecida no mercado como uma empresa provedora &#8230;<\/p>\n","protected":false},"author":1,"featured_media":0,"parent":0,"menu_order":0,"comment_status":"closed","ping_status":"closed","template":"template-fullwidth.php","meta":{"footnotes":""},"class_list":["post-1507","page","type-page","status-publish","hentry"],"_links":{"self":[{"href":"https:\/\/www.wmprotecaoeservicos.com.br\/index.php?rest_route=\/wp\/v2\/pages\/1507","targetHints":{"allow":["GET"]}}],"collection":[{"href":"https:\/\/www.wmprotecaoeservicos.com.br\/index.php?rest_route=\/wp\/v2\/pages"}],"about":[{"href":"https:\/\/www.wmprotecaoeservicos.com.br\/index.php?rest_route=\/wp\/v2\/types\/page"}],"author":[{"embeddable":true,"href":"https:\/\/www.wmprotecaoeservicos.com.br\/index.php?rest_route=\/wp\/v2\/users\/1"}],"replies":[{"embeddable":true,"href":"https:\/\/www.wmprotecaoeservicos.com.br\/index.php?rest_route=%2Fwp%2Fv2%2Fcomments&post=1507"}],"version-history":[{"count":1,"href":"https:\/\/www.wmprotecaoeservicos.com.br\/index.php?rest_route=\/wp\/v2\/pages\/1507\/revisions"}],"predecessor-version":[{"id":1512,"href":"https:\/\/www.wmprotecaoeservicos.com.br\/index.php?rest_route=\/wp\/v2\/pages\/1507\/revisions\/1512"}],"wp:attachment":[{"href":"https:\/\/www.wmprotecaoeservicos.com.br\/index.php?rest_route=%2Fwp%2Fv2%2Fmedia&parent=1507"}],"curies":[{"name":"wp","href":"https:\/\/api.w.org\/{rel}","templated":true}]}}