{"id":1537,"date":"2021-12-02T16:22:22","date_gmt":"2021-12-02T16:22:22","guid":{"rendered":"http:\/\/wmprotecaoeservicos.com.br\/?page_id=1537"},"modified":"2021-12-02T18:36:18","modified_gmt":"2021-12-02T18:36:18","slug":"portaria-2","status":"publish","type":"page","link":"https:\/\/www.wmprotecaoeservicos.com.br\/?page_id=1537","title":{"rendered":"Portaria:"},"content":{"rendered":"\n<div class=\"wp-block-image is-style-rounded\"><figure class=\"aligncenter size-full\"><img loading=\"lazy\" decoding=\"async\" width=\"300\" height=\"209\" src=\"http:\/\/wmprotecaoeservicos.com.br\/wp-content\/uploads\/2021\/12\/Portaria-1-e1638468291685.jpg\" alt=\"\" class=\"wp-image-1566\"\/><\/figure><\/div>\n\n\n\n<p>O grupo WM Prote\u00e7\u00e3o tem como diferencial o apoio 24 horas com equipe de Gerencia, Coordena\u00e7\u00e3o e Supervis\u00e3o, acreditando sempre no potencial de seus colaboradores, tendo flexibilidade em discutir valores, sempre buscando Novas Parcerias, estando absolutamente dentro da lei e atendendo todos os requisitos de Regularidade<strong>.<\/strong><\/p>\n\n\n\n<p><\/p>\n","protected":false},"excerpt":{"rendered":"<p>O grupo WM Prote\u00e7\u00e3o tem como diferencial o apoio 24 horas com equipe de Gerencia, Coordena\u00e7\u00e3o e Supervis\u00e3o, acreditando sempre no potencial de seus colaboradores, tendo flexibilidade em discutir valores, &#8230;<\/p>\n","protected":false},"author":1,"featured_media":0,"parent":0,"menu_order":0,"comment_status":"closed","ping_status":"closed","template":"template-fullwidth.php","meta":{"footnotes":""},"class_list":["post-1537","page","type-page","status-publish","hentry"],"_links":{"self":[{"href":"https:\/\/www.wmprotecaoeservicos.com.br\/index.php?rest_route=\/wp\/v2\/pages\/1537","targetHints":{"allow":["GET"]}}],"collection":[{"href":"https:\/\/www.wmprotecaoeservicos.com.br\/index.php?rest_route=\/wp\/v2\/pages"}],"about":[{"href":"https:\/\/www.wmprotecaoeservicos.com.br\/index.php?rest_route=\/wp\/v2\/types\/page"}],"author":[{"embeddable":true,"href":"https:\/\/www.wmprotecaoeservicos.com.br\/index.php?rest_route=\/wp\/v2\/users\/1"}],"replies":[{"embeddable":true,"href":"https:\/\/www.wmprotecaoeservicos.com.br\/index.php?rest_route=%2Fwp%2Fv2%2Fcomments&post=1537"}],"version-history":[{"count":4,"href":"https:\/\/www.wmprotecaoeservicos.com.br\/index.php?rest_route=\/wp\/v2\/pages\/1537\/revisions"}],"predecessor-version":[{"id":1572,"href":"https:\/\/www.wmprotecaoeservicos.com.br\/index.php?rest_route=\/wp\/v2\/pages\/1537\/revisions\/1572"}],"wp:attachment":[{"href":"https:\/\/www.wmprotecaoeservicos.com.br\/index.php?rest_route=%2Fwp%2Fv2%2Fmedia&parent=1537"}],"curies":[{"name":"wp","href":"https:\/\/api.w.org\/{rel}","templated":true}]}}