{"id":1540,"date":"2021-12-02T18:45:48","date_gmt":"2021-12-02T18:45:48","guid":{"rendered":"http:\/\/wmprotecaoeservicos.com.br\/?page_id=1540"},"modified":"2021-12-02T18:48:36","modified_gmt":"2021-12-02T18:48:36","slug":"portaria-virtual-2","status":"publish","type":"page","link":"https:\/\/www.wmprotecaoeservicos.com.br\/?page_id=1540","title":{"rendered":"Portaria Virtual:"},"content":{"rendered":"\n<div class=\"wp-block-image is-style-rounded\"><figure class=\"aligncenter size-full\"><img loading=\"lazy\" decoding=\"async\" width=\"300\" height=\"123\" src=\"http:\/\/wmprotecaoeservicos.com.br\/wp-content\/uploads\/2021\/12\/Portaria-Virtual-1-e1638470680122.jpg\" alt=\"\" class=\"wp-image-1582\"\/><\/figure><\/div>\n\n\n\n<p>A estrutura destinada \u00e0 Seguran\u00e7a Eletr\u00f4nica, envolve equipamentos de ponta, sala de monitoramento com comunica\u00e7\u00e3o f\u00e1cil, com Agilidade e Efici\u00eancia para resolver as demandas dos Clientes.<\/p>\n","protected":false},"excerpt":{"rendered":"<p>A estrutura destinada \u00e0 Seguran\u00e7a Eletr\u00f4nica, envolve equipamentos de ponta, sala de monitoramento com comunica\u00e7\u00e3o f\u00e1cil, com Agilidade e Efici\u00eancia para resolver as demandas dos Clientes.<\/p>\n","protected":false},"author":1,"featured_media":0,"parent":0,"menu_order":0,"comment_status":"closed","ping_status":"closed","template":"template-fullwidth.php","meta":{"footnotes":""},"class_list":["post-1540","page","type-page","status-publish","hentry"],"_links":{"self":[{"href":"https:\/\/www.wmprotecaoeservicos.com.br\/index.php?rest_route=\/wp\/v2\/pages\/1540","targetHints":{"allow":["GET"]}}],"collection":[{"href":"https:\/\/www.wmprotecaoeservicos.com.br\/index.php?rest_route=\/wp\/v2\/pages"}],"about":[{"href":"https:\/\/www.wmprotecaoeservicos.com.br\/index.php?rest_route=\/wp\/v2\/types\/page"}],"author":[{"embeddable":true,"href":"https:\/\/www.wmprotecaoeservicos.com.br\/index.php?rest_route=\/wp\/v2\/users\/1"}],"replies":[{"embeddable":true,"href":"https:\/\/www.wmprotecaoeservicos.com.br\/index.php?rest_route=%2Fwp%2Fv2%2Fcomments&post=1540"}],"version-history":[{"count":1,"href":"https:\/\/www.wmprotecaoeservicos.com.br\/index.php?rest_route=\/wp\/v2\/pages\/1540\/revisions"}],"predecessor-version":[{"id":1583,"href":"https:\/\/www.wmprotecaoeservicos.com.br\/index.php?rest_route=\/wp\/v2\/pages\/1540\/revisions\/1583"}],"wp:attachment":[{"href":"https:\/\/www.wmprotecaoeservicos.com.br\/index.php?rest_route=%2Fwp%2Fv2%2Fmedia&parent=1540"}],"curies":[{"name":"wp","href":"https:\/\/api.w.org\/{rel}","templated":true}]}}