{"id":1561,"date":"2021-12-02T17:59:35","date_gmt":"2021-12-02T17:59:35","guid":{"rendered":"http:\/\/wmprotecaoeservicos.com.br\/?page_id=1561"},"modified":"2021-12-02T18:57:23","modified_gmt":"2021-12-02T18:57:23","slug":"limpeza-2","status":"publish","type":"page","link":"https:\/\/www.wmprotecaoeservicos.com.br\/?page_id=1561","title":{"rendered":"Limpeza"},"content":{"rendered":"\n<div class=\"wp-block-image is-style-rounded\"><figure class=\"aligncenter size-full\"><img loading=\"lazy\" decoding=\"async\" width=\"318\" height=\"159\" src=\"http:\/\/wmprotecaoeservicos.com.br\/wp-content\/uploads\/2021\/12\/Limpeza-1.jpg\" alt=\"\" class=\"wp-image-1562\" srcset=\"https:\/\/www.wmprotecaoeservicos.com.br\/wp-content\/uploads\/2021\/12\/Limpeza-1.jpg 318w, https:\/\/www.wmprotecaoeservicos.com.br\/wp-content\/uploads\/2021\/12\/Limpeza-1-300x150.jpg 300w\" sizes=\"auto, (max-width: 318px) 100vw, 318px\" \/><\/figure><\/div>\n\n\n\n<p> Equipes respons\u00e1veis por manter a sua empresa, loja ou condom\u00ednio sempre limpo e impec\u00e1vel. Constantemente Treinados e Capacitados, os profissionais podem realizar outros servi\u00e7os, deixando nossos clientes focados apenas em suas tarefas.<\/p>\n","protected":false},"excerpt":{"rendered":"<p>Equipes respons\u00e1veis por manter a sua empresa, loja ou condom\u00ednio sempre limpo e impec\u00e1vel. Constantemente Treinados e Capacitados, os profissionais podem realizar outros servi\u00e7os, deixando nossos clientes focados apenas em &#8230;<\/p>\n","protected":false},"author":1,"featured_media":0,"parent":0,"menu_order":0,"comment_status":"closed","ping_status":"closed","template":"template-fullwidth.php","meta":{"footnotes":""},"class_list":["post-1561","page","type-page","status-publish","hentry"],"_links":{"self":[{"href":"https:\/\/www.wmprotecaoeservicos.com.br\/index.php?rest_route=\/wp\/v2\/pages\/1561","targetHints":{"allow":["GET"]}}],"collection":[{"href":"https:\/\/www.wmprotecaoeservicos.com.br\/index.php?rest_route=\/wp\/v2\/pages"}],"about":[{"href":"https:\/\/www.wmprotecaoeservicos.com.br\/index.php?rest_route=\/wp\/v2\/types\/page"}],"author":[{"embeddable":true,"href":"https:\/\/www.wmprotecaoeservicos.com.br\/index.php?rest_route=\/wp\/v2\/users\/1"}],"replies":[{"embeddable":true,"href":"https:\/\/www.wmprotecaoeservicos.com.br\/index.php?rest_route=%2Fwp%2Fv2%2Fcomments&post=1561"}],"version-history":[{"count":1,"href":"https:\/\/www.wmprotecaoeservicos.com.br\/index.php?rest_route=\/wp\/v2\/pages\/1561\/revisions"}],"predecessor-version":[{"id":1563,"href":"https:\/\/www.wmprotecaoeservicos.com.br\/index.php?rest_route=\/wp\/v2\/pages\/1561\/revisions\/1563"}],"wp:attachment":[{"href":"https:\/\/www.wmprotecaoeservicos.com.br\/index.php?rest_route=%2Fwp%2Fv2%2Fmedia&parent=1561"}],"curies":[{"name":"wp","href":"https:\/\/api.w.org\/{rel}","templated":true}]}}