{"id":1592,"date":"2021-12-02T19:01:57","date_gmt":"2021-12-02T19:01:57","guid":{"rendered":"http:\/\/wmprotecaoeservicos.com.br\/?page_id=1592"},"modified":"2021-12-02T19:45:08","modified_gmt":"2021-12-02T19:45:08","slug":"manutencao","status":"publish","type":"page","link":"https:\/\/www.wmprotecaoeservicos.com.br\/?page_id=1592","title":{"rendered":"Manuten\u00e7\u00e3o:"},"content":{"rendered":"\n<div class=\"wp-block-image is-style-rounded\"><figure class=\"aligncenter size-full\"><img loading=\"lazy\" decoding=\"async\" width=\"300\" height=\"200\" src=\"http:\/\/wmprotecaoeservicos.com.br\/wp-content\/uploads\/2021\/12\/Manutenc\u0327a\u0303o-1-e1638471698223.jpg\" alt=\"\" class=\"wp-image-1593\"\/><\/figure><\/div>\n\n\n\n<p>Equipes de profissionais qualificados e capacitados, que realizar\u00e3o atividades de reparo e consertos conforme requisitados pelos clientes, sempre utilizando equipamentos novos e modernos para manter o seu Condom\u00ednio, Escola, Resid\u00eancia, F\u00e1brica, Empresa etc. Sempre seguro e funcional.<\/p>\n","protected":false},"excerpt":{"rendered":"<p>Equipes de profissionais qualificados e capacitados, que realizar\u00e3o atividades de reparo e consertos conforme requisitados pelos clientes, sempre utilizando equipamentos novos e modernos para manter o seu Condom\u00ednio, Escola, Resid\u00eancia, &#8230;<\/p>\n","protected":false},"author":1,"featured_media":0,"parent":0,"menu_order":0,"comment_status":"closed","ping_status":"closed","template":"template-fullwidth.php","meta":{"footnotes":""},"class_list":["post-1592","page","type-page","status-publish","hentry"],"_links":{"self":[{"href":"https:\/\/www.wmprotecaoeservicos.com.br\/index.php?rest_route=\/wp\/v2\/pages\/1592","targetHints":{"allow":["GET"]}}],"collection":[{"href":"https:\/\/www.wmprotecaoeservicos.com.br\/index.php?rest_route=\/wp\/v2\/pages"}],"about":[{"href":"https:\/\/www.wmprotecaoeservicos.com.br\/index.php?rest_route=\/wp\/v2\/types\/page"}],"author":[{"embeddable":true,"href":"https:\/\/www.wmprotecaoeservicos.com.br\/index.php?rest_route=\/wp\/v2\/users\/1"}],"replies":[{"embeddable":true,"href":"https:\/\/www.wmprotecaoeservicos.com.br\/index.php?rest_route=%2Fwp%2Fv2%2Fcomments&post=1592"}],"version-history":[{"count":1,"href":"https:\/\/www.wmprotecaoeservicos.com.br\/index.php?rest_route=\/wp\/v2\/pages\/1592\/revisions"}],"predecessor-version":[{"id":1594,"href":"https:\/\/www.wmprotecaoeservicos.com.br\/index.php?rest_route=\/wp\/v2\/pages\/1592\/revisions\/1594"}],"wp:attachment":[{"href":"https:\/\/www.wmprotecaoeservicos.com.br\/index.php?rest_route=%2Fwp%2Fv2%2Fmedia&parent=1592"}],"curies":[{"name":"wp","href":"https:\/\/api.w.org\/{rel}","templated":true}]}}